{"id":2,"date":"2025-03-09T18:23:42","date_gmt":"2025-03-09T17:23:42","guid":{"rendered":"http:\/\/intelligenceelectrics.com\/?page_id=2"},"modified":"2025-06-09T11:51:30","modified_gmt":"2025-06-09T09:51:30","slug":"mentions","status":"publish","type":"page","link":"https:\/\/intelligenceelectrics.com\/index.php\/mentions\/","title":{"rendered":"Mentions l\u00e9gales"},"content":{"rendered":"\n<p><br>Le pr\u00e9sent site est \u00e9dit\u00e9 par la soci\u00e9t\u00e9 <strong>Intelligence Electrics<\/strong>, bureau d\u2019\u00e9tude sp\u00e9cialis\u00e9 en domotique.<\/p>\n\n\n\n<p><strong>Raison sociale :<\/strong> Intelligence Electrics<br><strong>Forme juridique :<\/strong> [\u00e0 compl\u00e9ter \u2013 ex. SAS, SARL, auto-entrepreneur, etc.]<br><strong>Adresse du si\u00e8ge social :<\/strong> [\u00e0 compl\u00e9ter \u2013 ex. 31 rue d\u2019Eragny, 27140 Gisors, France]<br><strong>T\u00e9l\u00e9phone :<\/strong> [\u00e0 compl\u00e9ter]<br><strong>Email :<\/strong> <a>contact@intelligenceelectrics.com<\/a><br><strong>N\u00b0 SIRET :<\/strong> [\u00e0 compl\u00e9ter]<br><strong>RCS \/ RM :<\/strong> [\u00e0 compl\u00e9ter \u2013 Registre du Commerce et des Soci\u00e9t\u00e9s ou R\u00e9pertoire des M\u00e9tiers]<br><strong>Directeur de la publication :<\/strong> Daivis Hubbel<\/p>\n\n\n\n<hr class=\"wp-block-separator has-alpha-channel-opacity\"\/>\n\n\n\n<p><strong>H\u00e9bergement du site :<\/strong><br>Le site est h\u00e9berg\u00e9 par :<br><strong>OVH<\/strong><br>2 rue Kellermann, 59100 Roubaix, France<br>T\u00e9l\u00e9phone : 1007<br>Site web : <a class=\"\" href=\"https:\/\/www.ovh.com\">https:\/\/www.ovh.com<\/a><\/p>\n\n\n\n<hr class=\"wp-block-separator has-alpha-channel-opacity\"\/>\n\n\n\n<p><strong>Propri\u00e9t\u00e9 intellectuelle :<\/strong><br>Le contenu du site <a class=\"\" href=\"https:\/\/intelligenceelectrics.com\">https:\/\/intelligenceelectrics.com<\/a> (textes, images, logos, etc.) est la propri\u00e9t\u00e9 exclusive de <strong>Intelligence Electrics<\/strong>, sauf mention contraire.<br>Toute reproduction, repr\u00e9sentation, diffusion ou exploitation, totale ou partielle, du contenu est interdite sans autorisation pr\u00e9alable.<\/p>\n\n\n\n<hr class=\"wp-block-separator has-alpha-channel-opacity\"\/>\n\n\n\n<p><strong>Responsabilit\u00e9 :<\/strong><br><strong>Intelligence Electrics<\/strong> s\u2019efforce d\u2019assurer l\u2019exactitude des informations diffus\u00e9es sur ce site. Toutefois, elle ne peut garantir l\u2019exactitude, la compl\u00e9tude ou l\u2019actualit\u00e9 des informations.<br>L\u2019utilisateur reconna\u00eet utiliser ces informations sous sa responsabilit\u00e9 exclusive.<\/p>\n\n\n\n<hr class=\"wp-block-separator has-alpha-channel-opacity\"\/>\n\n\n\n<p><strong>Donn\u00e9es personnelles :<\/strong><br>Les donn\u00e9es collect\u00e9es via les formulaires sont destin\u00e9es uniquement \u00e0 un usage interne et ne seront jamais c\u00e9d\u00e9es \u00e0 des tiers sans consentement.<br>Conform\u00e9ment au RGPD, vous pouvez exercer vos droits d\u2019acc\u00e8s, de rectification ou de suppression en envoyant un email \u00e0 : <a>contact@intelligenceelectrics.com<\/a>.<\/p>\n\n\n\n<hr class=\"wp-block-separator has-alpha-channel-opacity\"\/>\n\n\n\n<p><strong>Cookies :<\/strong><br>Le site peut utiliser des cookies afin d\u2019am\u00e9liorer l\u2019exp\u00e9rience utilisateur. Vous pouvez configurer votre navigateur pour refuser les cookies.<\/p>\n","protected":false},"excerpt":{"rendered":"<p>Le pr\u00e9sent site est \u00e9dit\u00e9 par la soci\u00e9t\u00e9 Intelligence Electrics, bureau d\u2019\u00e9tude sp\u00e9cialis\u00e9 en domotique. Raison sociale : Intelligence ElectricsForme juridique : [\u00e0 compl\u00e9ter \u2013 ex.<span class=\"excerpt-hellip\"> [\u2026]<\/span><\/p>\n","protected":false},"author":1,"featured_media":0,"parent":0,"menu_order":0,"comment_status":"closed","ping_status":"closed","template":"","meta":{"footnotes":""},"class_list":["post-2","page","type-page","status-publish","hentry"],"_links":{"self":[{"href":"https:\/\/intelligenceelectrics.com\/index.php\/wp-json\/wp\/v2\/pages\/2","targetHints":{"allow":["GET"]}}],"collection":[{"href":"https:\/\/intelligenceelectrics.com\/index.php\/wp-json\/wp\/v2\/pages"}],"about":[{"href":"https:\/\/intelligenceelectrics.com\/index.php\/wp-json\/wp\/v2\/types\/page"}],"author":[{"embeddable":true,"href":"https:\/\/intelligenceelectrics.com\/index.php\/wp-json\/wp\/v2\/users\/1"}],"replies":[{"embeddable":true,"href":"https:\/\/intelligenceelectrics.com\/index.php\/wp-json\/wp\/v2\/comments?post=2"}],"version-history":[{"count":1,"href":"https:\/\/intelligenceelectrics.com\/index.php\/wp-json\/wp\/v2\/pages\/2\/revisions"}],"predecessor-version":[{"id":90,"href":"https:\/\/intelligenceelectrics.com\/index.php\/wp-json\/wp\/v2\/pages\/2\/revisions\/90"}],"wp:attachment":[{"href":"https:\/\/intelligenceelectrics.com\/index.php\/wp-json\/wp\/v2\/media?parent=2"}],"curies":[{"name":"wp","href":"https:\/\/api.w.org\/{rel}","templated":true}]}}